{"id":1251,"date":"2018-11-06T10:34:24","date_gmt":"2018-11-06T10:34:24","guid":{"rendered":"https:\/\/the7.io\/church\/?page_id=5"},"modified":"2022-07-05T09:49:02","modified_gmt":"2022-07-05T09:49:02","slug":"home","status":"publish","type":"page","link":"https:\/\/tarire.fr\/","title":{"rendered":"Home"},"content":{"rendered":"<p>[vc_row full_width=\u00a0\u00bbstretch_row_content\u00a0\u00bb full_height=\u00a0\u00bbyes\u00a0\u00bb columns_placement=\u00a0\u00bbbottom\u00a0\u00bb equal_height=\u00a0\u00bbyes\u00a0\u00bb content_placement=\u00a0\u00bbmiddle\u00a0\u00bb bg_type=\u00a0\u00bbimage\u00a0\u00bb bg_override=\u00a0\u00bbex-full\u00a0\u00bb enable_overlay=\u00a0\u00bbenable_overlay_value\u00a0\u00bb overlay_color=\u00a0\u00bbrgba(34,33,35,0.3)\u00a0\u00bb overlay_pattern=\u00a0\u00bb01.png\u00a0\u00bb overlay_pattern_opacity=\u00a0\u00bb10&Prime; css=\u00a0\u00bb.vc_custom_1657014249514{padding-top: 0px !important;padding-bottom: 0px !important;background: #222123 url(https:\/\/tarire.fr\/wp-content\/uploads\/2022\/07\/PHOTO-PRINCIPALE.jpg?id=1386) !important;background-position: center !important;background-repeat: no-repeat !important;background-size: contain !important;}\u00a0\u00bb][vc_column css_animation=\u00a0\u00bbnone\u00a0\u00bb width=\u00a0\u00bb2\/3&Prime; css=\u00a0\u00bb.vc_custom_1562781881621{padding-top: 150px !important;padding-bottom: 50px !important;padding-left: 50px !important;background-position: center !important;background-repeat: no-repeat !important;background-size: cover !important;}\u00a0\u00bb el_class=\u00a0\u00bbhigher-z-index\u00a0\u00bb offset=\u00a0\u00bbvc_col-lg-7 vc_col-md-7 vc_col-xs-12&Prime;]<div id=\"ultimate-heading-562969e89c2f9b262\" class=\"uvc-heading ult-adjust-bottom-margin ultimate-heading-562969e89c2f9b262 uvc-1820 border-fix\" data-hspacer=\"no_spacer\"  data-halign=\"left\" style=\"text-align:left\"><div class=\"uvc-heading-spacer no_spacer\" style=\"top\"><\/div><div class=\"uvc-main-heading ult-responsive\"  data-ultimate-target='.uvc-heading.ultimate-heading-562969e89c2f9b262 h1'  data-responsive-json-new='{\"font-size\":\"desktop:86px;tablet:76px;tablet_portrait:66px;mobile_landscape:56px;\",\"line-height\":\"desktop:96px;tablet:86px;tablet_portrait:76px;mobile_landscape:66px;\"}' ><h1 style=\"--font-weight:theme;color:#ffffff;margin-bottom:5px;\">Le Cayre<\/h1><\/div><\/div><div id=\"ultimate-heading-199569e89c2f9b28d\" class=\"uvc-heading ult-adjust-bottom-margin ultimate-heading-199569e89c2f9b28d uvc-2175  uvc-heading-default-font-sizes\" data-hspacer=\"no_spacer\"  data-halign=\"left\" style=\"text-align:left\"><div class=\"uvc-heading-spacer no_spacer\" style=\"top\"><\/div><div class=\"uvc-sub-heading ult-responsive\"  data-ultimate-target='.uvc-heading.ultimate-heading-199569e89c2f9b28d .uvc-sub-heading '  data-responsive-json-new='{\"font-size\":\"desktop:20px;mobile_landscape:18px;\",\"line-height\":\"desktop:30px;mobile_landscape:28px;\"}'  style=\"font-weight:normal;color:#ffffff;margin-bottom:40px;\">Maison en pierre climatis\u00e9e (8\/9 personnes) grand confort avec piscine priv\u00e9e id\u00e9alement situ\u00e9e sur les hauteurs de SARLAT \u00e0 3 km du centre-ville sur un terrain bois\u00e9 de 25000 m2.<br \/>\nTerrasse &amp; salon avec vue panoramique exceptionnelle.<br \/>\nVenez vous d\u00e9tendre dans ce havre de paix et ce cadre idyllique.<\/div><\/div>[\/vc_column][\/vc_row]<\/p>\n","protected":false},"excerpt":{"rendered":"<p>[vc_row full_width=\u00a0\u00bbstretch_row_content\u00a0\u00bb full_height=\u00a0\u00bbyes\u00a0\u00bb columns_placement=\u00a0\u00bbbottom\u00a0\u00bb equal_height=\u00a0\u00bbyes\u00a0\u00bb content_placement=\u00a0\u00bbmiddle\u00a0\u00bb bg_type=\u00a0\u00bbimage\u00a0\u00bb bg_override=\u00a0\u00bbex-full\u00a0\u00bb enable_overlay=\u00a0\u00bbenable_overlay_value\u00a0\u00bb overlay_color=\u00a0\u00bbrgba(34,33,35,0.3)\u00a0\u00bb overlay_pattern=\u00a0\u00bb01.png\u00a0\u00bb overlay_pattern_opacity=\u00a0\u00bb10&Prime; css=\u00a0\u00bb.vc_custom_1657014249514{padding-top: 0px !important;padding-bottom: 0px !important;background: #222123 url(https:\/\/tarire.fr\/wp-content\/uploads\/2022\/07\/PHOTO-PRINCIPALE.jpg?id=1386) !important;background-position: center !important;background-repeat: no-repeat !important;background-size: contain !important;}\u00a0\u00bb][vc_column css_animation=\u00a0\u00bbnone\u00a0\u00bb width=\u00a0\u00bb2\/3&Prime; css=\u00a0\u00bb.vc_custom_1562781881621{padding-top: 150px !important;padding-bottom: 50px !important;padding-left: 50px !important;background-position: center !important;background-repeat: no-repeat !important;background-size: cover !important;}\u00a0\u00bb el_class=\u00a0\u00bbhigher-z-index\u00a0\u00bb offset=\u00a0\u00bbvc_col-lg-7 vc_col-md-7 vc_col-xs-12&Prime;][\/vc_column][\/vc_row]<\/p>\n","protected":false},"author":1,"featured_media":0,"parent":0,"menu_order":0,"comment_status":"closed","ping_status":"closed","template":"template-microsite.php","meta":{"footnotes":""},"class_list":["post-1251","page","type-page","status-publish","hentry","description-off"],"_links":{"self":[{"href":"https:\/\/tarire.fr\/index.php?rest_route=\/wp\/v2\/pages\/1251","targetHints":{"allow":["GET"]}}],"collection":[{"href":"https:\/\/tarire.fr\/index.php?rest_route=\/wp\/v2\/pages"}],"about":[{"href":"https:\/\/tarire.fr\/index.php?rest_route=\/wp\/v2\/types\/page"}],"author":[{"embeddable":true,"href":"https:\/\/tarire.fr\/index.php?rest_route=\/wp\/v2\/users\/1"}],"replies":[{"embeddable":true,"href":"https:\/\/tarire.fr\/index.php?rest_route=%2Fwp%2Fv2%2Fcomments&post=1251"}],"version-history":[{"count":8,"href":"https:\/\/tarire.fr\/index.php?rest_route=\/wp\/v2\/pages\/1251\/revisions"}],"predecessor-version":[{"id":1388,"href":"https:\/\/tarire.fr\/index.php?rest_route=\/wp\/v2\/pages\/1251\/revisions\/1388"}],"wp:attachment":[{"href":"https:\/\/tarire.fr\/index.php?rest_route=%2Fwp%2Fv2%2Fmedia&parent=1251"}],"curies":[{"name":"wp","href":"https:\/\/api.w.org\/{rel}","templated":true}]}}